{"id":23817,"date":"2024-05-07T11:41:07","date_gmt":"2024-05-07T11:41:07","guid":{"rendered":"https:\/\/casaruralensierraespadan.es\/?post_type=product&#038;p=23817"},"modified":"2026-04-18T11:35:44","modified_gmt":"2026-04-18T11:35:44","slug":"casa-rural-la-senora-reservar","status":"publish","type":"product","link":"https:\/\/casaruralensierraespadan.es\/index.php\/producto\/casa-rural-la-senora-reservar\/","title":{"rendered":"Casa rural La Se\u00f1ora &#8211; reservar"},"content":{"rendered":"<p>[et_pb_section fb_built=\u00bb1&#8243; _builder_version=\u00bb4.16&#8243; custom_padding=\u00bb0px||||false|false\u00bb collapsed=\u00bboff\u00bb global_colors_info=\u00bb{}\u00bb][et_pb_row _builder_version=\u00bb4.16&#8243; background_size=\u00bbinitial\u00bb background_position=\u00bbtop_left\u00bb background_repeat=\u00bbrepeat\u00bb width=\u00bb100%\u00bb custom_padding=\u00bb0px||0px||false|false\u00bb global_colors_info=\u00bb{}\u00bb][et_pb_column type=\u00bb4_4&#8243; _builder_version=\u00bb4.16&#8243; custom_padding=\u00bb|||\u00bb global_colors_info=\u00bb{}\u00bb custom_padding__hover=\u00bb|||\u00bb][et_pb_wc_breadcrumb _builder_version=\u00bb4.16&#8243; global_colors_info=\u00bb{}\u00bb][\/et_pb_wc_breadcrumb][et_pb_wc_cart_notice _builder_version=\u00bb4.16&#8243; global_colors_info=\u00bb{}\u00bb][\/et_pb_wc_cart_notice][\/et_pb_column][\/et_pb_row][et_pb_row column_structure=\u00bb1_2,1_2&#8243; _builder_version=\u00bb4.16&#8243; background_size=\u00bbinitial\u00bb background_position=\u00bbtop_left\u00bb background_repeat=\u00bbrepeat\u00bb width=\u00bb100%\u00bb custom_padding=\u00bb0px||||false|false\u00bb global_colors_info=\u00bb{}\u00bb][et_pb_column type=\u00bb1_2&#8243; _builder_version=\u00bb4.16&#8243; custom_padding=\u00bb|||\u00bb global_colors_info=\u00bb{}\u00bb custom_padding__hover=\u00bb|||\u00bb][et_pb_wc_images _builder_version=\u00bb4.16&#8243; global_colors_info=\u00bb{}\u00bb][\/et_pb_wc_images][\/et_pb_column][et_pb_column type=\u00bb1_2&#8243; _builder_version=\u00bb4.16&#8243; custom_padding=\u00bb|||\u00bb global_colors_info=\u00bb{}\u00bb custom_padding__hover=\u00bb|||\u00bb][et_pb_wc_title _builder_version=\u00bb4.16&#8243; global_colors_info=\u00bb{}\u00bb][\/et_pb_wc_title][et_pb_wc_rating _builder_version=\u00bb4.16&#8243; global_colors_info=\u00bb{}\u00bb][\/et_pb_wc_rating][et_pb_wc_price _builder_version=\u00bb4.16&#8243; global_colors_info=\u00bb{}\u00bb][\/et_pb_wc_price][et_pb_wc_description _builder_version=\u00bb4.16&#8243; global_colors_info=\u00bb{}\u00bb][\/et_pb_wc_description][et_pb_wc_add_to_cart _builder_version=\u00bb4.16&#8243; global_colors_info=\u00bb{}\u00bb][\/et_pb_wc_add_to_cart][et_pb_wc_meta _builder_version=\u00bb4.16&#8243; global_colors_info=\u00bb{}\u00bb][\/et_pb_wc_meta][\/et_pb_column][\/et_pb_row][et_pb_row _builder_version=\u00bb4.16&#8243; background_size=\u00bbinitial\u00bb background_position=\u00bbtop_left\u00bb background_repeat=\u00bbrepeat\u00bb width=\u00bb100%\u00bb global_colors_info=\u00bb{}\u00bb][et_pb_column type=\u00bb4_4&#8243; _builder_version=\u00bb4.16&#8243; custom_padding=\u00bb|||\u00bb global_colors_info=\u00bb{}\u00bb custom_padding__hover=\u00bb|||\u00bb][et_pb_wc_tabs _builder_version=\u00bb4.16&#8243; global_colors_info=\u00bb{}\u00bb]\t\t\t\t\t[\/et_pb_wc_tabs][et_pb_wc_upsells _builder_version=\u00bb4.16&#8243; global_colors_info=\u00bb{}\u00bb][\/et_pb_wc_upsells][et_pb_wc_related_products _builder_version=\u00bb4.16&#8243; global_colors_info=\u00bb{}\u00bb][\/et_pb_wc_related_products][\/et_pb_column][\/et_pb_row][\/et_pb_section]<\/p>\n","protected":false},"excerpt":{"rendered":"<p><img loading=\"lazy\" decoding=\"async\" class=\"alignnone wp-image-23\" src=\"https:\/\/casaruralensierraespadan.es\/wp-content\/uploads\/2024\/04\/3-300x300.png\" alt=\"\" width=\"38\" height=\"38\" \/>\u00a0 \u00a0 15\u20ac x hu\u00e9sped\/noche\u00a0 \/ M\u00ednimo 60\u20ac Noche<\/p>\n<p><img loading=\"lazy\" decoding=\"async\" class=\"alignnone wp-image-24\" src=\"https:\/\/casaruralensierraespadan.es\/wp-content\/uploads\/2024\/04\/1-300x300.png\" alt=\"\" width=\"32\" height=\"32\" \/>\u00a0 \u00a0 M\u00ednima estancia 2 noches.<\/p>\n<p><strong>Extras:<\/strong><\/p>\n<p><img loading=\"lazy\" decoding=\"async\" class=\"alignnone wp-image-23632\" src=\"https:\/\/casaruralensierraespadan.es\/wp-content\/uploads\/2024\/04\/limpieza-300x300.png\" alt=\"\" width=\"38\" height=\"38\" \/>\u00a0 \u00a0 50\u20ac \/ Servicio de limpieza<\/p>\n<p><img loading=\"lazy\" decoding=\"async\" class=\"alignnone wp-image-26\" src=\"https:\/\/casaruralensierraespadan.es\/wp-content\/uploads\/2024\/04\/112-300x300.png\" alt=\"\" width=\"41\" height=\"41\" \/>\u00a0 \u00a015\u20ac \/\u00a0 Uso piscina- solo verano<\/p>\n<p><strong>No se aceptan Mascotas<\/strong><\/p>\n","protected":false},"featured_media":23562,"template":"","meta":{"_et_pb_use_builder":"on","_et_pb_old_content":"<!--more-->","_et_gb_content_width":"","_joinchat":[]},"product_brand":[],"product_cat":[15],"product_tag":[32,25,23,26,33,30,29,24,28,31,27],"class_list":{"0":"post-23817","1":"product","2":"type-product","3":"status-publish","4":"has-post-thumbnail","6":"product_cat-casa-rural","7":"product_tag-alcudia-de-veo","8":"product_tag-alquiler-casa-rural","9":"product_tag-casa","10":"product_tag-casa-rural","11":"product_tag-onda","12":"product_tag-parque-natural","13":"product_tag-reserva","14":"product_tag-rural","15":"product_tag-vacaciones","16":"product_tag-veo","17":"product_tag-verano","18":"yith_booking_service-piscina-24-6-a-15-9-15","20":"first","21":"instock","22":"virtual","23":"sold-individually","24":"purchasable","25":"product-type-booking"},"yoast_head":"<!-- This site is optimized with the Yoast SEO plugin v27.5 - https:\/\/yoast.com\/product\/yoast-seo-wordpress\/ -->\n<title>Casa rural La Se\u00f1ora - reservar - CASA RURAL EN SIERRA DE ESPADAN<\/title>\n<meta name=\"robots\" content=\"index, follow, max-snippet:-1, max-image-preview:large, max-video-preview:-1\" \/>\n<link rel=\"canonical\" href=\"https:\/\/casaruralensierraespadan.es\/index.php\/producto\/casa-rural-la-senora-reservar\/\" \/>\n<meta property=\"og:locale\" content=\"es_ES\" \/>\n<meta property=\"og:type\" content=\"article\" \/>\n<meta property=\"og:title\" content=\"Casa rural La Se\u00f1ora - reservar - CASA RURAL EN SIERRA DE ESPADAN\" \/>\n<meta property=\"og:description\" content=\"\u00a0 \u00a0 15\u20ac x hu\u00e9sped\/noche\u00a0 \/ M\u00ednimo 60\u20ac Noche  \u00a0 \u00a0 M\u00ednima estancia 2 noches.  Extras:  \u00a0 \u00a0 50\u20ac \/ Servicio de limpieza  \u00a0 \u00a015\u20ac \/\u00a0 Uso piscina- solo verano  No se aceptan Mascotas\" \/>\n<meta property=\"og:url\" content=\"https:\/\/casaruralensierraespadan.es\/index.php\/producto\/casa-rural-la-senora-reservar\/\" \/>\n<meta property=\"og:site_name\" content=\"CASA RURAL EN SIERRA DE ESPADAN\" \/>\n<meta property=\"article:modified_time\" content=\"2026-04-18T11:35:44+00:00\" \/>\n<meta property=\"og:image\" content=\"https:\/\/casaruralensierraespadan.es\/wp-content\/uploads\/2024\/04\/7.jpg\" \/>\n\t<meta property=\"og:image:width\" content=\"1440\" \/>\n\t<meta property=\"og:image:height\" content=\"1080\" \/>\n\t<meta property=\"og:image:type\" content=\"image\/jpeg\" \/>\n<meta name=\"twitter:card\" content=\"summary_large_image\" \/>\n<meta name=\"twitter:label1\" content=\"Tiempo de lectura\" \/>\n\t<meta name=\"twitter:data1\" content=\"7 minutos\" \/>\n<script type=\"application\/ld+json\" class=\"yoast-schema-graph\">{\"@context\":\"https:\\\/\\\/schema.org\",\"@graph\":[{\"@type\":\"WebPage\",\"@id\":\"https:\\\/\\\/casaruralensierraespadan.es\\\/index.php\\\/producto\\\/casa-rural-la-senora-reservar\\\/\",\"url\":\"https:\\\/\\\/casaruralensierraespadan.es\\\/index.php\\\/producto\\\/casa-rural-la-senora-reservar\\\/\",\"name\":\"Casa rural La Se\u00f1ora - reservar - CASA RURAL EN SIERRA DE ESPADAN\",\"isPartOf\":{\"@id\":\"https:\\\/\\\/casaruralensierraespadan.es\\\/#website\"},\"primaryImageOfPage\":{\"@id\":\"https:\\\/\\\/casaruralensierraespadan.es\\\/index.php\\\/producto\\\/casa-rural-la-senora-reservar\\\/#primaryimage\"},\"image\":{\"@id\":\"https:\\\/\\\/casaruralensierraespadan.es\\\/index.php\\\/producto\\\/casa-rural-la-senora-reservar\\\/#primaryimage\"},\"thumbnailUrl\":\"https:\\\/\\\/casaruralensierraespadan.es\\\/wp-content\\\/uploads\\\/2024\\\/04\\\/7.jpg\",\"datePublished\":\"2024-05-07T11:41:07+00:00\",\"dateModified\":\"2026-04-18T11:35:44+00:00\",\"breadcrumb\":{\"@id\":\"https:\\\/\\\/casaruralensierraespadan.es\\\/index.php\\\/producto\\\/casa-rural-la-senora-reservar\\\/#breadcrumb\"},\"inLanguage\":\"es\",\"potentialAction\":[{\"@type\":\"ReadAction\",\"target\":[\"https:\\\/\\\/casaruralensierraespadan.es\\\/index.php\\\/producto\\\/casa-rural-la-senora-reservar\\\/\"]}]},{\"@type\":\"ImageObject\",\"inLanguage\":\"es\",\"@id\":\"https:\\\/\\\/casaruralensierraespadan.es\\\/index.php\\\/producto\\\/casa-rural-la-senora-reservar\\\/#primaryimage\",\"url\":\"https:\\\/\\\/casaruralensierraespadan.es\\\/wp-content\\\/uploads\\\/2024\\\/04\\\/7.jpg\",\"contentUrl\":\"https:\\\/\\\/casaruralensierraespadan.es\\\/wp-content\\\/uploads\\\/2024\\\/04\\\/7.jpg\",\"width\":1440,\"height\":1080},{\"@type\":\"BreadcrumbList\",\"@id\":\"https:\\\/\\\/casaruralensierraespadan.es\\\/index.php\\\/producto\\\/casa-rural-la-senora-reservar\\\/#breadcrumb\",\"itemListElement\":[{\"@type\":\"ListItem\",\"position\":1,\"name\":\"Portada\",\"item\":\"https:\\\/\\\/casaruralensierraespadan.es\\\/\"},{\"@type\":\"ListItem\",\"position\":2,\"name\":\"Casa Rural La Se\u00f1ora\",\"item\":\"https:\\\/\\\/casaruralensierraespadan.es\\\/\"},{\"@type\":\"ListItem\",\"position\":3,\"name\":\"Casa rural La Se\u00f1ora &#8211; reservar\"}]},{\"@type\":\"WebSite\",\"@id\":\"https:\\\/\\\/casaruralensierraespadan.es\\\/#website\",\"url\":\"https:\\\/\\\/casaruralensierraespadan.es\\\/\",\"name\":\"CASA RURAL EN SIERRA DE ESPADAN\",\"description\":\"La Se\u00f1ora, excepcional casa a pie de monta\u00f1a  Un alojamiento acogedor, donde disfrutar\u00e1s de todas las comodidades durante tu escapada rural en Sierra de Espadan, Castell\u00f3n, con una amplia gama de posibilidades para atender todas tus necesidades\u2026 \u00abLa naturaleza ser\u00e1 tu compa\u00f1era durante tu estancia, aprovecha cada momento libre para sumergirte entre las monta\u00f1as, explorar sus bosques, senderos y maravillarte con su vegetaci\u00f3n, flora y fauna. Vive las sensaciones que te brinda en cada estaci\u00f3n del a\u00f1o, dej\u00e1ndote envolver por su magia.\u00bb  En Casa Rural La Se\u00f1ora\",\"potentialAction\":[{\"@type\":\"SearchAction\",\"target\":{\"@type\":\"EntryPoint\",\"urlTemplate\":\"https:\\\/\\\/casaruralensierraespadan.es\\\/?s={search_term_string}\"},\"query-input\":{\"@type\":\"PropertyValueSpecification\",\"valueRequired\":true,\"valueName\":\"search_term_string\"}}],\"inLanguage\":\"es\"}]}<\/script>\n<!-- \/ Yoast SEO plugin. -->","yoast_head_json":{"title":"Casa rural La Se\u00f1ora - reservar - CASA RURAL EN SIERRA DE ESPADAN","robots":{"index":"index","follow":"follow","max-snippet":"max-snippet:-1","max-image-preview":"max-image-preview:large","max-video-preview":"max-video-preview:-1"},"canonical":"https:\/\/casaruralensierraespadan.es\/index.php\/producto\/casa-rural-la-senora-reservar\/","og_locale":"es_ES","og_type":"article","og_title":"Casa rural La Se\u00f1ora - reservar - CASA RURAL EN SIERRA DE ESPADAN","og_description":"\u00a0 \u00a0 15\u20ac x hu\u00e9sped\/noche\u00a0 \/ M\u00ednimo 60\u20ac Noche  \u00a0 \u00a0 M\u00ednima estancia 2 noches.  Extras:  \u00a0 \u00a0 50\u20ac \/ Servicio de limpieza  \u00a0 \u00a015\u20ac \/\u00a0 Uso piscina- solo verano  No se aceptan Mascotas","og_url":"https:\/\/casaruralensierraespadan.es\/index.php\/producto\/casa-rural-la-senora-reservar\/","og_site_name":"CASA RURAL EN SIERRA DE ESPADAN","article_modified_time":"2026-04-18T11:35:44+00:00","og_image":[{"width":1440,"height":1080,"url":"https:\/\/casaruralensierraespadan.es\/wp-content\/uploads\/2024\/04\/7.jpg","type":"image\/jpeg"}],"twitter_card":"summary_large_image","twitter_misc":{"Tiempo de lectura":"7 minutos"},"schema":{"@context":"https:\/\/schema.org","@graph":[{"@type":"WebPage","@id":"https:\/\/casaruralensierraespadan.es\/index.php\/producto\/casa-rural-la-senora-reservar\/","url":"https:\/\/casaruralensierraespadan.es\/index.php\/producto\/casa-rural-la-senora-reservar\/","name":"Casa rural La Se\u00f1ora - reservar - CASA RURAL EN SIERRA DE ESPADAN","isPartOf":{"@id":"https:\/\/casaruralensierraespadan.es\/#website"},"primaryImageOfPage":{"@id":"https:\/\/casaruralensierraespadan.es\/index.php\/producto\/casa-rural-la-senora-reservar\/#primaryimage"},"image":{"@id":"https:\/\/casaruralensierraespadan.es\/index.php\/producto\/casa-rural-la-senora-reservar\/#primaryimage"},"thumbnailUrl":"https:\/\/casaruralensierraespadan.es\/wp-content\/uploads\/2024\/04\/7.jpg","datePublished":"2024-05-07T11:41:07+00:00","dateModified":"2026-04-18T11:35:44+00:00","breadcrumb":{"@id":"https:\/\/casaruralensierraespadan.es\/index.php\/producto\/casa-rural-la-senora-reservar\/#breadcrumb"},"inLanguage":"es","potentialAction":[{"@type":"ReadAction","target":["https:\/\/casaruralensierraespadan.es\/index.php\/producto\/casa-rural-la-senora-reservar\/"]}]},{"@type":"ImageObject","inLanguage":"es","@id":"https:\/\/casaruralensierraespadan.es\/index.php\/producto\/casa-rural-la-senora-reservar\/#primaryimage","url":"https:\/\/casaruralensierraespadan.es\/wp-content\/uploads\/2024\/04\/7.jpg","contentUrl":"https:\/\/casaruralensierraespadan.es\/wp-content\/uploads\/2024\/04\/7.jpg","width":1440,"height":1080},{"@type":"BreadcrumbList","@id":"https:\/\/casaruralensierraespadan.es\/index.php\/producto\/casa-rural-la-senora-reservar\/#breadcrumb","itemListElement":[{"@type":"ListItem","position":1,"name":"Portada","item":"https:\/\/casaruralensierraespadan.es\/"},{"@type":"ListItem","position":2,"name":"Casa Rural La Se\u00f1ora","item":"https:\/\/casaruralensierraespadan.es\/"},{"@type":"ListItem","position":3,"name":"Casa rural La Se\u00f1ora &#8211; reservar"}]},{"@type":"WebSite","@id":"https:\/\/casaruralensierraespadan.es\/#website","url":"https:\/\/casaruralensierraespadan.es\/","name":"CASA RURAL EN SIERRA DE ESPADAN","description":"La Se\u00f1ora, excepcional casa a pie de monta\u00f1a  Un alojamiento acogedor, donde disfrutar\u00e1s de todas las comodidades durante tu escapada rural en Sierra de Espadan, Castell\u00f3n, con una amplia gama de posibilidades para atender todas tus necesidades\u2026 \u00abLa naturaleza ser\u00e1 tu compa\u00f1era durante tu estancia, aprovecha cada momento libre para sumergirte entre las monta\u00f1as, explorar sus bosques, senderos y maravillarte con su vegetaci\u00f3n, flora y fauna. Vive las sensaciones que te brinda en cada estaci\u00f3n del a\u00f1o, dej\u00e1ndote envolver por su magia.\u00bb  En Casa Rural La Se\u00f1ora","potentialAction":[{"@type":"SearchAction","target":{"@type":"EntryPoint","urlTemplate":"https:\/\/casaruralensierraespadan.es\/?s={search_term_string}"},"query-input":{"@type":"PropertyValueSpecification","valueRequired":true,"valueName":"search_term_string"}}],"inLanguage":"es"}]}},"_links":{"self":[{"href":"https:\/\/casaruralensierraespadan.es\/index.php\/wp-json\/wp\/v2\/product\/23817","targetHints":{"allow":["GET"]}}],"collection":[{"href":"https:\/\/casaruralensierraespadan.es\/index.php\/wp-json\/wp\/v2\/product"}],"about":[{"href":"https:\/\/casaruralensierraespadan.es\/index.php\/wp-json\/wp\/v2\/types\/product"}],"wp:featuredmedia":[{"embeddable":true,"href":"https:\/\/casaruralensierraespadan.es\/index.php\/wp-json\/wp\/v2\/media\/23562"}],"wp:attachment":[{"href":"https:\/\/casaruralensierraespadan.es\/index.php\/wp-json\/wp\/v2\/media?parent=23817"}],"wp:term":[{"taxonomy":"product_brand","embeddable":true,"href":"https:\/\/casaruralensierraespadan.es\/index.php\/wp-json\/wp\/v2\/product_brand?post=23817"},{"taxonomy":"product_cat","embeddable":true,"href":"https:\/\/casaruralensierraespadan.es\/index.php\/wp-json\/wp\/v2\/product_cat?post=23817"},{"taxonomy":"product_tag","embeddable":true,"href":"https:\/\/casaruralensierraespadan.es\/index.php\/wp-json\/wp\/v2\/product_tag?post=23817"}],"curies":[{"name":"wp","href":"https:\/\/api.w.org\/{rel}","templated":true}]}}