{"id":68,"date":"2024-04-24T16:53:57","date_gmt":"2024-04-24T16:53:57","guid":{"rendered":"https:\/\/casaruralensierraespadan.es\/?page_id=68"},"modified":"2026-04-06T11:26:22","modified_gmt":"2026-04-06T11:26:22","slug":"el-entorno","status":"publish","type":"page","link":"https:\/\/casaruralensierraespadan.es\/index.php\/el-entorno\/","title":{"rendered":"El Entorno"},"content":{"rendered":"<p>[et_pb_section fb_built=\u00bb1&#8243; _builder_version=\u00bb4.25.0&#8243; _module_preset=\u00bbdefault\u00bb background_image=\u00bbhttps:\/\/casaruralensierraespadan.es\/wp-content\/uploads\/2024\/04\/29-EXT.jpg\u00bb background_position=\u00bbbottom_center\u00bb height=\u00bb79vh\u00bb height_tablet=\u00bb100vh\u00bb height_phone=\u00bb87vh\u00bb height_last_edited=\u00bbon|phone\u00bb custom_margin=\u00bb0px||0px||false|false\u00bb custom_padding=\u00bb0px||0px||false|false\u00bb global_colors_info=\u00bb{}\u00bb][et_pb_row _builder_version=\u00bb4.17.4&#8243; _module_preset=\u00bbdefault\u00bb positioning=\u00bbabsolute\u00bb position_origin_a=\u00bbcenter_center\u00bb width=\u00bb90%\u00bb max_width=\u00bb1280px\u00bb custom_margin=\u00bb0px||0px||false|false\u00bb custom_padding=\u00bb0px||0px||false|false\u00bb global_colors_info=\u00bb{}\u00bb][et_pb_column type=\u00bb4_4&#8243; _builder_version=\u00bb4.17.4&#8243; _module_preset=\u00bbdefault\u00bb global_colors_info=\u00bb{}\u00bb][et_pb_text _builder_version=\u00bb4.25.0&#8243; _module_preset=\u00bbdefault\u00bb header_font=\u00bbAlice||||||||\u00bb header_text_align=\u00bbleft\u00bb header_text_color=\u00bb#FFFFFF\u00bb header_font_size=\u00bb64px\u00bb header_line_height=\u00bb1.2em\u00bb custom_margin=\u00bb6.1%||14px||false|false\u00bb custom_padding=\u00bb0px||0px||false|false\u00bb animation_style=\u00bbslide\u00bb animation_direction=\u00bbbottom\u00bb animation_duration=\u00bb850ms\u00bb animation_intensity_slide=\u00bb10%\u00bb header_font_size_tablet=\u00bb64px\u00bb header_font_size_phone=\u00bb54px\u00bb header_font_size_last_edited=\u00bbon|phone\u00bb header_text_shadow_style=\u00bbpreset1&#8243; global_colors_info=\u00bb{}\u00bb]<\/p>\n<h1>Descubre el ENTORNO de<\/h1>\n<p>[\/et_pb_text][et_pb_text _builder_version=\u00bb4.25.0&#8243; _module_preset=\u00bbdefault\u00bb header_font=\u00bbAlice|700|||||||\u00bb header_text_align=\u00bbleft\u00bb header_text_color=\u00bb#FFFFFF\u00bb header_font_size=\u00bb84px\u00bb header_line_height=\u00bb1.2em\u00bb custom_margin=\u00bb0%||32px||false|false\u00bb custom_padding=\u00bb0px||0px||false|false\u00bb animation_style=\u00bbslide\u00bb animation_direction=\u00bbbottom\u00bb animation_duration=\u00bb850ms\u00bb animation_intensity_slide=\u00bb10%\u00bb header_font_size_tablet=\u00bb64px\u00bb header_font_size_phone=\u00bb62px\u00bb header_font_size_last_edited=\u00bbon|phone\u00bb header_text_shadow_style=\u00bbpreset1&#8243; global_colors_info=\u00bb{}\u00bb]<\/p>\n<h1>Casa Rural La Se\u00f1ora<\/h1>\n<p>[\/et_pb_text][et_pb_button button_url=\u00bbhttps:\/\/casaruralensierraespadan.es\/index.php\/producto\/reserva-casa-rural-la-senora\/\u00bb button_text=\u00bbRESERVAR\u00bb button_alignment=\u00bbleft\u00bb _builder_version=\u00bb4.25.0&#8243; _module_preset=\u00bbdefault\u00bb custom_button=\u00bbon\u00bb button_text_size=\u00bb13px\u00bb button_text_color=\u00bb#202020&#8243; button_bg_color=\u00bb#FFFFFF\u00bb button_border_color=\u00bbRGBA(255,255,255,0)\u00bb button_border_radius=\u00bb0px\u00bb button_letter_spacing=\u00bb1px\u00bb button_font=\u00bbNunito|800|||||||\u00bb button_use_icon=\u00bboff\u00bb custom_margin=\u00bb0px||0px||false|false\u00bb custom_padding=\u00bb18px|35px|18px|35px|false|false\u00bb animation_style=\u00bbslide\u00bb animation_direction=\u00bbbottom\u00bb animation_duration=\u00bb850ms\u00bb animation_delay=\u00bb200ms\u00bb animation_intensity_slide=\u00bb10%\u00bb global_colors_info=\u00bb{}\u00bb button_text_color__hover_enabled=\u00bbon|hover\u00bb button_text_color__hover=\u00bb#FFFFFF\u00bb button_bg_color__hover_enabled=\u00bbon|hover\u00bb button_bg_color__hover=\u00bb#202020&#8243; button_bg_enable_color__hover=\u00bbon\u00bb button_letter_spacing__hover_enabled=\u00bbon|hover\u00bb button_letter_spacing__hover=\u00bb1px\u00bb][\/et_pb_button][\/et_pb_column][\/et_pb_row][\/et_pb_section][et_pb_section fb_built=\u00bb1&#8243; custom_padding_last_edited=\u00bbon|phone\u00bb disabled_on=\u00bboff|off|off\u00bb _builder_version=\u00bb4.25.0&#8243; _module_preset=\u00bbdefault\u00bb background_color=\u00bb#f9f8f6&#8243; custom_margin_tablet=\u00bb\u00bb custom_margin_phone=\u00bb-5px||||false|false\u00bb custom_margin_last_edited=\u00bbon|phone\u00bb custom_padding=\u00bb67px||14px|||\u00bb custom_padding_tablet=\u00bb1px||35px||false|false\u00bb custom_padding_phone=\u00bb1px||3px||false|false\u00bb locked=\u00bboff\u00bb global_colors_info=\u00bb{}\u00bb][et_pb_row _builder_version=\u00bb4.17.4&#8243; _module_preset=\u00bbdefault\u00bb width=\u00bb90%\u00bb max_width=\u00bb815px\u00bb custom_margin=\u00bb0px||0px||false|false\u00bb custom_padding=\u00bb0px||0px||false|false\u00bb animation_style=\u00bbslide\u00bb animation_direction=\u00bbtop\u00bb animation_duration=\u00bb800ms\u00bb animation_intensity_slide=\u00bb10%\u00bb global_colors_info=\u00bb{}\u00bb][et_pb_column type=\u00bb4_4&#8243; _builder_version=\u00bb4.17.4&#8243; _module_preset=\u00bbdefault\u00bb global_colors_info=\u00bb{}\u00bb][et_pb_text _builder_version=\u00bb4.25.0&#8243; _module_preset=\u00bbdefault\u00bb header_2_font=\u00bbAlice||||||||\u00bb header_2_text_align=\u00bbcenter\u00bb header_2_text_color=\u00bb#3e3e3e\u00bb header_2_font_size=\u00bb48px\u00bb header_2_line_height=\u00bb1.2em\u00bb max_width=\u00bb750px\u00bb module_alignment=\u00bbcenter\u00bb custom_margin=\u00bb0px||25px||false|false\u00bb custom_padding=\u00bb0px||0px||false|false\u00bb header_2_font_size_tablet=\u00bb48px\u00bb header_2_font_size_phone=\u00bb30px\u00bb header_2_font_size_last_edited=\u00bbon|phone\u00bb global_colors_info=\u00bb{}\u00bb]<\/p>\n<h2>El Entorno y Actividades<\/h2>\n<p>[\/et_pb_text][\/et_pb_column][\/et_pb_row][\/et_pb_section][et_pb_section fb_built=\u00bb1&#8243; custom_padding_last_edited=\u00bbon|phone\u00bb _builder_version=\u00bb4.25.0&#8243; _module_preset=\u00bbdefault\u00bb background_color=\u00bb#f9f8f6&#8243; custom_margin=\u00bb0px||0px||false|false\u00bb custom_padding=\u00bb20px||90px||false|false\u00bb custom_padding_tablet=\u00bb135px||135px||false|false\u00bb custom_padding_phone=\u00bb3px||56px||false|false\u00bb global_colors_info=\u00bb{}\u00bb][et_pb_row _builder_version=\u00bb4.27.2&#8243; _module_preset=\u00bbdefault\u00bb width=\u00bb90%\u00bb max_width=\u00bb1292px\u00bb global_colors_info=\u00bb{}\u00bb][et_pb_column type=\u00bb4_4&#8243; _builder_version=\u00bb4.25.0&#8243; _module_preset=\u00bbdefault\u00bb global_colors_info=\u00bb{}\u00bb][et_pb_blog fullwidth=\u00bboff\u00bb include_categories=\u00bball\u00bb excerpt_length=\u00bb250&#8243; show_more=\u00bbon\u00bb show_author=\u00bboff\u00bb show_date=\u00bboff\u00bb show_categories=\u00bboff\u00bb _builder_version=\u00bb4.27.6&#8243; _module_preset=\u00bbdefault\u00bb header_font=\u00bbAlice|700|||||||\u00bb header_text_color=\u00bb#000000&#8243; header_font_size=\u00bb20px\u00bb text_orientation=\u00bbjustified\u00bb hover_enabled=\u00bb0&#8243; global_colors_info=\u00bb{}\u00bb use_manual_excerpt=\u00bboff\u00bb show_excerpt=\u00bboff\u00bb sticky_enabled=\u00bb0&#8243;][\/et_pb_blog][\/et_pb_column][\/et_pb_row][et_pb_row use_custom_gutter=\u00bbon\u00bb _builder_version=\u00bb4.25.0&#8243; _module_preset=\u00bbdefault\u00bb width=\u00bb42%\u00bb width_tablet=\u00bb42%\u00bb width_phone=\u00bb94%\u00bb width_last_edited=\u00bbon|phone\u00bb custom_padding=\u00bb5px|||||\u00bb global_colors_info=\u00bb{}\u00bb][et_pb_column type=\u00bb4_4&#8243; _builder_version=\u00bb4.24.2&#8243; _module_preset=\u00bbdefault\u00bb global_colors_info=\u00bb{}\u00bb][et_pb_gallery gallery_ids=\u00bb23600,23603,23579,23585,23583,23580,23584,23586,23582,23587,23591,23595,23592,23593,23594,23588,23589,23590,23596,23597,23598,23599,23605,23606,23604,23602,23601,23607&#8243; fullwidth=\u00bbon\u00bb _builder_version=\u00bb4.27.6&#8243; _module_preset=\u00bbdefault\u00bb hover_enabled=\u00bb0&#8243; custom_css_main_element=\u00bbcolor: #ffffff;\u00bb custom_css_gallery_item=\u00bbcolor: #ffffff;\u00bb custom_css_overlay_icon=\u00bbcolor: #ffffff;\u00bb custom_css_gallery_item_title=\u00bbcolor: #ffffff;\u00bb custom_css_gallery_item_caption=\u00bbcolor: #ffffff;\u00bb custom_css_gallery_pagination=\u00bbcolor: #ffffff;\u00bb custom_css_gallery_pagination_active=\u00bbcolor: #ffffff;\u00bb border_width_all=\u00bb4px\u00bb border_color_all=\u00bb#f9f8f6&#8243; global_colors_info=\u00bb{}\u00bb sticky_enabled=\u00bb0&#8243;][\/et_pb_gallery][\/et_pb_column][\/et_pb_row][\/et_pb_section][et_pb_section fb_built=\u00bb1&#8243; custom_padding_last_edited=\u00bbon|phone\u00bb _builder_version=\u00bb4.25.0&#8243; _module_preset=\u00bbdefault\u00bb background_color=\u00bb#f9f8f6&#8243; custom_margin=\u00bb0px||0px||false|false\u00bb custom_padding=\u00bb28px||15px||false|false\u00bb custom_padding_tablet=\u00bb135px||135px||false|false\u00bb custom_padding_phone=\u00bb80px||4px||false|false\u00bb global_colors_info=\u00bb{}\u00bb][et_pb_row column_structure=\u00bb1_2,1_2&#8243; use_custom_gutter=\u00bbon\u00bb gutter_width=\u00bb1&#8243; _builder_version=\u00bb4.17.4&#8243; _module_preset=\u00bbdefault\u00bb width=\u00bb90%\u00bb max_width=\u00bb1280px\u00bb custom_margin=\u00bb0px|auto|6px|auto|false|false\u00bb custom_padding=\u00bb0px||0px||false|false\u00bb global_colors_info=\u00bb{}\u00bb][et_pb_column type=\u00bb1_2&#8243; _builder_version=\u00bb4.17.4&#8243; _module_preset=\u00bbdefault\u00bb animation_style=\u00bbslide\u00bb animation_direction=\u00bbright\u00bb animation_duration=\u00bb800ms\u00bb animation_intensity_slide=\u00bb10%\u00bb global_colors_info=\u00bb{}\u00bb][et_pb_text _builder_version=\u00bb4.25.0&#8243; _module_preset=\u00bbdefault\u00bb header_2_font=\u00bbAlice||||||||\u00bb header_2_text_align=\u00bbleft\u00bb header_2_text_color=\u00bb#3e3e3e\u00bb header_2_font_size=\u00bb52px\u00bb header_2_line_height=\u00bb1.2em\u00bb custom_margin=\u00bb0px||3px||false|false\u00bb custom_padding=\u00bb0px||0px||false|false\u00bb header_2_font_size_tablet=\u00bb48px\u00bb header_2_font_size_phone=\u00bb30px\u00bb header_2_font_size_last_edited=\u00bbon|phone\u00bb global_colors_info=\u00bb{}\u00bb]<\/p>\n<h2>GALER\u00cdA<\/h2>\n<p>[\/et_pb_text][\/et_pb_column][et_pb_column type=\u00bb1_2&#8243; _builder_version=\u00bb4.17.4&#8243; _module_preset=\u00bbdefault\u00bb custom_padding=\u00bb|||140px|false|false\u00bb custom_padding_tablet=\u00bb|||0px|false|false\u00bb custom_padding_phone=\u00bb|||0px|false|false\u00bb custom_padding_last_edited=\u00bbon|tablet\u00bb animation_style=\u00bbslide\u00bb animation_direction=\u00bbright\u00bb animation_duration=\u00bb800ms\u00bb animation_delay=\u00bb200ms\u00bb animation_intensity_slide=\u00bb10%\u00bb global_colors_info=\u00bb{}\u00bb][\/et_pb_column][\/et_pb_row][\/et_pb_section][et_pb_section fb_built=\u00bb1&#8243; _builder_version=\u00bb4.25.0&#8243; _module_preset=\u00bbdefault\u00bb background_color=\u00bb#f9f8f6&#8243; global_colors_info=\u00bb{}\u00bb][\/et_pb_section][et_pb_section fb_built=\u00bb1&#8243; custom_padding_last_edited=\u00bbon|phone\u00bb disabled_on=\u00bboff|off|off\u00bb _builder_version=\u00bb4.25.0&#8243; _module_preset=\u00bbdefault\u00bb background_color=\u00bb#f9f8f6&#8243; custom_margin_tablet=\u00bb\u00bb custom_margin_phone=\u00bb-5px||||false|false\u00bb custom_margin_last_edited=\u00bbon|phone\u00bb custom_padding=\u00bb36px||26px|||\u00bb custom_padding_tablet=\u00bb1px||35px||false|false\u00bb custom_padding_phone=\u00bb1px||3px||false|false\u00bb locked=\u00bboff\u00bb global_colors_info=\u00bb{}\u00bb][et_pb_row column_structure=\u00bb1_2,1_2&#8243; use_custom_gutter=\u00bbon\u00bb gutter_width=\u00bb1&#8243; _builder_version=\u00bb4.25.0&#8243; _module_preset=\u00bbdefault\u00bb width=\u00bb90%\u00bb max_width=\u00bb1296px\u00bb custom_margin=\u00bb0px||39px||false|false\u00bb custom_margin_tablet=\u00bb0px||39px||false|false\u00bb custom_margin_phone=\u00bb34px||||false|false\u00bb custom_margin_last_edited=\u00bbon|phone\u00bb custom_padding=\u00bb0px||40px||false|false\u00bb border_width_bottom=\u00bb1px\u00bb border_color_bottom=\u00bb#d6d6d6&#8243; global_colors_info=\u00bb{}\u00bb][et_pb_column type=\u00bb1_2&#8243; _builder_version=\u00bb4.23.1&#8243; _module_preset=\u00bbdefault\u00bb animation_style=\u00bbslide\u00bb animation_intensity_slide=\u00bb4%\u00bb animation_speed_curve=\u00bbease\u00bb global_colors_info=\u00bb{}\u00bb][et_pb_text _builder_version=\u00bb4.25.0&#8243; _module_preset=\u00bbdefault\u00bb header_4_font=\u00bbAlice|||on|||||\u00bb header_4_text_align=\u00bbleft\u00bb header_4_text_color=\u00bb#c19d68&#8243; header_4_font_size=\u00bb14px\u00bb header_4_letter_spacing=\u00bb2px\u00bb header_4_line_height=\u00bb1.2em\u00bb custom_margin=\u00bb0px||10px||false|false\u00bb custom_padding=\u00bb0px||0px||false|false\u00bb global_colors_info=\u00bb{}\u00bb]<\/p>\n<h4>Casa rural en sierra de espadan<\/h4>\n<p>[\/et_pb_text][et_pb_text _builder_version=\u00bb4.25.0&#8243; _module_preset=\u00bbdefault\u00bb header_2_font=\u00bbAlice|700||on|||||\u00bb header_2_text_align=\u00bbleft\u00bb header_2_text_color=\u00bb#1e1e1e\u00bb header_2_font_size=\u00bb33px\u00bb header_2_letter_spacing=\u00bb2px\u00bb header_2_line_height=\u00bb1.2em\u00bb max_width=\u00bb460px\u00bb custom_margin=\u00bb0px||0px||false|false\u00bb custom_padding=\u00bb0px||0px||false|false\u00bb header_2_font_size_tablet=\u00bb33px\u00bb header_2_font_size_phone=\u00bb25px\u00bb header_2_font_size_last_edited=\u00bbon|phone\u00bb global_colors_info=\u00bb{}\u00bb]<\/p>\n<h2>uNA ExperiencIA Premium<\/h2>\n<p>[\/et_pb_text][\/et_pb_column][et_pb_column type=\u00bb1_2&#8243; _builder_version=\u00bb4.23.1&#8243; _module_preset=\u00bbdefault\u00bb animation_style=\u00bbslide\u00bb animation_intensity_slide=\u00bb4%\u00bb animation_speed_curve=\u00bbease\u00bb global_colors_info=\u00bb{}\u00bb][et_pb_button button_url=\u00bbhttps:\/\/casaruralensierraespadan.es\/index.php\/producto\/reserva-casa-rural-la-senora\/\u00bb button_text=\u00bbRESERVAR\u00bb button_alignment=\u00bbright\u00bb button_alignment_tablet=\u00bbleft\u00bb button_alignment_phone=\u00bbleft\u00bb button_alignment_last_edited=\u00bbon|tablet\u00bb _builder_version=\u00bb4.25.0&#8243; _module_preset=\u00bbdefault\u00bb custom_button=\u00bbon\u00bb button_text_size=\u00bb14px\u00bb button_text_color=\u00bb#1e1e1e\u00bb button_bg_color=\u00bbRGBA(255,255,255,0)\u00bb button_border_width=\u00bb1px\u00bb button_border_color=\u00bb#1e1e1e\u00bb button_border_radius=\u00bb0px\u00bb button_letter_spacing=\u00bb1px\u00bb button_font=\u00bbAlice||||||||\u00bb button_use_icon=\u00bboff\u00bb custom_margin=\u00bb49px||0px||false|false\u00bb custom_margin_tablet=\u00bb20px||||false|false\u00bb custom_margin_phone=\u00bb20px||||false|false\u00bb custom_margin_last_edited=\u00bbon|tablet\u00bb custom_padding=\u00bb14px|28px|14px|28px|false|false\u00bb global_colors_info=\u00bb{}\u00bb button_bg_color__hover_enabled=\u00bbon|hover\u00bb button_bg_color__hover=\u00bb#1e1e1e\u00bb button_bg_enable_color__hover=\u00bbon\u00bb button_text_color__hover_enabled=\u00bbon|desktop\u00bb button_text_color__hover=\u00bb#FFFFFF\u00bb][\/et_pb_button][\/et_pb_column][\/et_pb_row][\/et_pb_section][et_pb_section fb_built=\u00bb1&#8243; custom_padding_last_edited=\u00bbon|phone\u00bb disabled_on=\u00bbon|on|on\u00bb _builder_version=\u00bb4.25.0&#8243; _module_preset=\u00bbdefault\u00bb background_color=\u00bb#f9f8f6&#8243; custom_margin=\u00bb0px||0px||false|false\u00bb custom_padding=\u00bb96px||96px||true|false\u00bb custom_padding_tablet=\u00bb135px||135px||false|false\u00bb custom_padding_phone=\u00bb9px||80px||false|false\u00bb disabled=\u00bbon\u00bb global_colors_info=\u00bb{}\u00bb][et_pb_row _builder_version=\u00bb4.25.0&#8243; _module_preset=\u00bbdefault\u00bb width=\u00bb92%\u00bb max_width=\u00bb1256px\u00bb custom_margin=\u00bb0px||0px||false|false\u00bb custom_padding=\u00bb0px||0px||false|false\u00bb animation_style=\u00bbslide\u00bb animation_direction=\u00bbtop\u00bb animation_duration=\u00bb800ms\u00bb animation_intensity_slide=\u00bb10%\u00bb global_colors_info=\u00bb{}\u00bb][et_pb_column type=\u00bb4_4&#8243; _builder_version=\u00bb4.17.4&#8243; _module_preset=\u00bbdefault\u00bb global_colors_info=\u00bb{}\u00bb][et_pb_text _builder_version=\u00bb4.25.0&#8243; _module_preset=\u00bbdefault\u00bb header_2_font=\u00bbAlice||||||||\u00bb header_2_text_align=\u00bbcenter\u00bb header_2_text_color=\u00bb#3e3e3e\u00bb header_2_font_size=\u00bb39px\u00bb header_2_line_height=\u00bb1.2em\u00bb custom_margin=\u00bb0px||35px||false|false\u00bb custom_padding=\u00bb0px||0px||false|false\u00bb header_2_font_size_tablet=\u00bb48px\u00bb header_2_font_size_phone=\u00bb30px\u00bb header_2_font_size_last_edited=\u00bbon|phone\u00bb global_colors_info=\u00bb{}\u00bb]<\/p>\n<h2 style=\"text-align: center\">\u00abLa naturaleza ser\u00e1 tu compa\u00f1era durante tu estancia, aprovecha cada momento libre para sumergirte entre las monta\u00f1as, explorar sus bosques, senderos y maravillarte con su vegetaci\u00f3n, flora y fauna. Vive las sensaciones que te brinda en cada estaci\u00f3n del a\u00f1o, dej\u00e1ndote envolver por su magia.\u00bb<\/h2>\n<p>[\/et_pb_text][et_pb_text _builder_version=\u00bb4.25.0&#8243; _module_preset=\u00bbdefault\u00bb text_font=\u00bbNunito||||||||\u00bb text_text_color=\u00bb#202020&#8243; text_font_size=\u00bb17px\u00bb link_text_color=\u00bb#202020&#8243; text_orientation=\u00bbcenter\u00bb custom_margin=\u00bb0px||0px||false|false\u00bb custom_padding=\u00bb0px||0px||false|false\u00bb text_font_size_tablet=\u00bb18px\u00bb text_font_size_phone=\u00bb16px\u00bb text_font_size_last_edited=\u00bbon|phone\u00bb global_colors_info=\u00bb{}\u00bb]<\/p>\n<p>En Casa Rural La Se\u00f1ora<\/p>\n<p>[\/et_pb_text][\/et_pb_column][\/et_pb_row][\/et_pb_section][et_pb_section fb_built=\u00bb1&#8243; fullwidth=\u00bbon\u00bb _builder_version=\u00bb4.24.2&#8243; _module_preset=\u00bbdefault\u00bb custom_margin=\u00bb||-8px||false|false\u00bb global_colors_info=\u00bb{}\u00bb][et_pb_fullwidth_code _builder_version=\u00bb4.25.0&#8243; _module_preset=\u00bbdefault\u00bb global_colors_info=\u00bb{}\u00bb][\/et_pb_fullwidth_code][\/et_pb_section]<\/p>\n","protected":false},"excerpt":{"rendered":"<p>Descubre el ENTORNO deCasa Rural La Se\u00f1oraEl Entorno y ActividadesGALER\u00cdACasa rural en sierra de espadanuNA ExperiencIA Premium\u00bbLa naturaleza ser\u00e1 tu compa\u00f1era durante tu estancia, aprovecha cada momento libre para sumergirte entre las monta\u00f1as, explorar sus bosques, senderos y maravillarte con su vegetaci\u00f3n, flora y fauna. Vive las sensaciones que te brinda en cada estaci\u00f3n del [&hellip;]<\/p>\n","protected":false},"author":1,"featured_media":0,"parent":0,"menu_order":0,"comment_status":"closed","ping_status":"closed","template":"","meta":{"_et_pb_use_builder":"on","_et_pb_old_content":"","_et_gb_content_width":"","_joinchat":[],"footnotes":""},"class_list":["post-68","page","type-page","status-publish","hentry"],"yoast_head":"<!-- This site is optimized with the Yoast SEO plugin v27.5 - https:\/\/yoast.com\/product\/yoast-seo-wordpress\/ -->\n<title>El Entorno - CASA RURAL EN SIERRA DE ESPADAN<\/title>\n<meta name=\"robots\" content=\"index, follow, max-snippet:-1, max-image-preview:large, max-video-preview:-1\" \/>\n<link rel=\"canonical\" href=\"https:\/\/casaruralensierraespadan.es\/index.php\/el-entorno\/\" \/>\n<meta property=\"og:locale\" content=\"es_ES\" \/>\n<meta property=\"og:type\" content=\"article\" \/>\n<meta property=\"og:title\" content=\"El Entorno - CASA RURAL EN SIERRA DE ESPADAN\" \/>\n<meta property=\"og:description\" content=\"Descubre el ENTORNO deCasa Rural La Se\u00f1oraEl Entorno y ActividadesGALER\u00cdACasa rural en sierra de espadanuNA ExperiencIA Premium&quot;La naturaleza ser\u00e1 tu compa\u00f1era durante tu estancia, aprovecha cada momento libre para sumergirte entre las monta\u00f1as, explorar sus bosques, senderos y maravillarte con su vegetaci\u00f3n, flora y fauna. Vive las sensaciones que te brinda en cada estaci\u00f3n del [&hellip;]\" \/>\n<meta property=\"og:url\" content=\"https:\/\/casaruralensierraespadan.es\/index.php\/el-entorno\/\" \/>\n<meta property=\"og:site_name\" content=\"CASA RURAL EN SIERRA DE ESPADAN\" \/>\n<meta property=\"article:modified_time\" content=\"2026-04-06T11:26:22+00:00\" \/>\n<meta name=\"twitter:card\" content=\"summary_large_image\" \/>\n<meta name=\"twitter:label1\" content=\"Tiempo de lectura\" \/>\n\t<meta name=\"twitter:data1\" content=\"7 minutos\" \/>\n<script type=\"application\/ld+json\" class=\"yoast-schema-graph\">{\"@context\":\"https:\\\/\\\/schema.org\",\"@graph\":[{\"@type\":\"WebPage\",\"@id\":\"https:\\\/\\\/casaruralensierraespadan.es\\\/index.php\\\/el-entorno\\\/\",\"url\":\"https:\\\/\\\/casaruralensierraespadan.es\\\/index.php\\\/el-entorno\\\/\",\"name\":\"El Entorno - CASA RURAL EN SIERRA DE ESPADAN\",\"isPartOf\":{\"@id\":\"https:\\\/\\\/casaruralensierraespadan.es\\\/#website\"},\"datePublished\":\"2024-04-24T16:53:57+00:00\",\"dateModified\":\"2026-04-06T11:26:22+00:00\",\"breadcrumb\":{\"@id\":\"https:\\\/\\\/casaruralensierraespadan.es\\\/index.php\\\/el-entorno\\\/#breadcrumb\"},\"inLanguage\":\"es\",\"potentialAction\":[{\"@type\":\"ReadAction\",\"target\":[\"https:\\\/\\\/casaruralensierraespadan.es\\\/index.php\\\/el-entorno\\\/\"]}]},{\"@type\":\"BreadcrumbList\",\"@id\":\"https:\\\/\\\/casaruralensierraespadan.es\\\/index.php\\\/el-entorno\\\/#breadcrumb\",\"itemListElement\":[{\"@type\":\"ListItem\",\"position\":1,\"name\":\"Portada\",\"item\":\"https:\\\/\\\/casaruralensierraespadan.es\\\/\"},{\"@type\":\"ListItem\",\"position\":2,\"name\":\"El Entorno\"}]},{\"@type\":\"WebSite\",\"@id\":\"https:\\\/\\\/casaruralensierraespadan.es\\\/#website\",\"url\":\"https:\\\/\\\/casaruralensierraespadan.es\\\/\",\"name\":\"CASA RURAL EN SIERRA DE ESPADAN\",\"description\":\"La Se\u00f1ora, excepcional casa a pie de monta\u00f1a  Un alojamiento acogedor, donde disfrutar\u00e1s de todas las comodidades durante tu escapada rural en Sierra de Espadan, Castell\u00f3n, con una amplia gama de posibilidades para atender todas tus necesidades\u2026 \u00abLa naturaleza ser\u00e1 tu compa\u00f1era durante tu estancia, aprovecha cada momento libre para sumergirte entre las monta\u00f1as, explorar sus bosques, senderos y maravillarte con su vegetaci\u00f3n, flora y fauna. Vive las sensaciones que te brinda en cada estaci\u00f3n del a\u00f1o, dej\u00e1ndote envolver por su magia.\u00bb  En Casa Rural La Se\u00f1ora\",\"potentialAction\":[{\"@type\":\"SearchAction\",\"target\":{\"@type\":\"EntryPoint\",\"urlTemplate\":\"https:\\\/\\\/casaruralensierraespadan.es\\\/?s={search_term_string}\"},\"query-input\":{\"@type\":\"PropertyValueSpecification\",\"valueRequired\":true,\"valueName\":\"search_term_string\"}}],\"inLanguage\":\"es\"}]}<\/script>\n<!-- \/ Yoast SEO plugin. -->","yoast_head_json":{"title":"El Entorno - CASA RURAL EN SIERRA DE ESPADAN","robots":{"index":"index","follow":"follow","max-snippet":"max-snippet:-1","max-image-preview":"max-image-preview:large","max-video-preview":"max-video-preview:-1"},"canonical":"https:\/\/casaruralensierraespadan.es\/index.php\/el-entorno\/","og_locale":"es_ES","og_type":"article","og_title":"El Entorno - CASA RURAL EN SIERRA DE ESPADAN","og_description":"Descubre el ENTORNO deCasa Rural La Se\u00f1oraEl Entorno y ActividadesGALER\u00cdACasa rural en sierra de espadanuNA ExperiencIA Premium\"La naturaleza ser\u00e1 tu compa\u00f1era durante tu estancia, aprovecha cada momento libre para sumergirte entre las monta\u00f1as, explorar sus bosques, senderos y maravillarte con su vegetaci\u00f3n, flora y fauna. Vive las sensaciones que te brinda en cada estaci\u00f3n del [&hellip;]","og_url":"https:\/\/casaruralensierraespadan.es\/index.php\/el-entorno\/","og_site_name":"CASA RURAL EN SIERRA DE ESPADAN","article_modified_time":"2026-04-06T11:26:22+00:00","twitter_card":"summary_large_image","twitter_misc":{"Tiempo de lectura":"7 minutos"},"schema":{"@context":"https:\/\/schema.org","@graph":[{"@type":"WebPage","@id":"https:\/\/casaruralensierraespadan.es\/index.php\/el-entorno\/","url":"https:\/\/casaruralensierraespadan.es\/index.php\/el-entorno\/","name":"El Entorno - CASA RURAL EN SIERRA DE ESPADAN","isPartOf":{"@id":"https:\/\/casaruralensierraespadan.es\/#website"},"datePublished":"2024-04-24T16:53:57+00:00","dateModified":"2026-04-06T11:26:22+00:00","breadcrumb":{"@id":"https:\/\/casaruralensierraespadan.es\/index.php\/el-entorno\/#breadcrumb"},"inLanguage":"es","potentialAction":[{"@type":"ReadAction","target":["https:\/\/casaruralensierraespadan.es\/index.php\/el-entorno\/"]}]},{"@type":"BreadcrumbList","@id":"https:\/\/casaruralensierraespadan.es\/index.php\/el-entorno\/#breadcrumb","itemListElement":[{"@type":"ListItem","position":1,"name":"Portada","item":"https:\/\/casaruralensierraespadan.es\/"},{"@type":"ListItem","position":2,"name":"El Entorno"}]},{"@type":"WebSite","@id":"https:\/\/casaruralensierraespadan.es\/#website","url":"https:\/\/casaruralensierraespadan.es\/","name":"CASA RURAL EN SIERRA DE ESPADAN","description":"La Se\u00f1ora, excepcional casa a pie de monta\u00f1a  Un alojamiento acogedor, donde disfrutar\u00e1s de todas las comodidades durante tu escapada rural en Sierra de Espadan, Castell\u00f3n, con una amplia gama de posibilidades para atender todas tus necesidades\u2026 \u00abLa naturaleza ser\u00e1 tu compa\u00f1era durante tu estancia, aprovecha cada momento libre para sumergirte entre las monta\u00f1as, explorar sus bosques, senderos y maravillarte con su vegetaci\u00f3n, flora y fauna. Vive las sensaciones que te brinda en cada estaci\u00f3n del a\u00f1o, dej\u00e1ndote envolver por su magia.\u00bb  En Casa Rural La Se\u00f1ora","potentialAction":[{"@type":"SearchAction","target":{"@type":"EntryPoint","urlTemplate":"https:\/\/casaruralensierraespadan.es\/?s={search_term_string}"},"query-input":{"@type":"PropertyValueSpecification","valueRequired":true,"valueName":"search_term_string"}}],"inLanguage":"es"}]}},"_links":{"self":[{"href":"https:\/\/casaruralensierraespadan.es\/index.php\/wp-json\/wp\/v2\/pages\/68","targetHints":{"allow":["GET"]}}],"collection":[{"href":"https:\/\/casaruralensierraespadan.es\/index.php\/wp-json\/wp\/v2\/pages"}],"about":[{"href":"https:\/\/casaruralensierraespadan.es\/index.php\/wp-json\/wp\/v2\/types\/page"}],"author":[{"embeddable":true,"href":"https:\/\/casaruralensierraespadan.es\/index.php\/wp-json\/wp\/v2\/users\/1"}],"replies":[{"embeddable":true,"href":"https:\/\/casaruralensierraespadan.es\/index.php\/wp-json\/wp\/v2\/comments?post=68"}],"version-history":[{"count":1,"href":"https:\/\/casaruralensierraespadan.es\/index.php\/wp-json\/wp\/v2\/pages\/68\/revisions"}],"predecessor-version":[{"id":24145,"href":"https:\/\/casaruralensierraespadan.es\/index.php\/wp-json\/wp\/v2\/pages\/68\/revisions\/24145"}],"wp:attachment":[{"href":"https:\/\/casaruralensierraespadan.es\/index.php\/wp-json\/wp\/v2\/media?parent=68"}],"curies":[{"name":"wp","href":"https:\/\/api.w.org\/{rel}","templated":true}]}}