{"id":12,"date":"2024-04-24T16:35:24","date_gmt":"2024-04-24T16:35:24","guid":{"rendered":"https:\/\/casaruralensierraespadan.es\/index.php\/carrito\/"},"modified":"2025-03-21T18:23:06","modified_gmt":"2025-03-21T18:23:06","slug":"carrito","status":"publish","type":"page","link":"https:\/\/casaruralensierraespadan.es\/index.php\/carrito\/","title":{"rendered":"Carrito"},"content":{"rendered":"<p>[et_pb_section fb_built=\u00bb1&#8243; _builder_version=\u00bb4.16&#8243; global_colors_info=\u00bb{}\u00bb][et_pb_row _builder_version=\u00bb4.16&#8243; background_size=\u00bbinitial\u00bb background_position=\u00bbtop_left\u00bb background_repeat=\u00bbrepeat\u00bb global_colors_info=\u00bb{}\u00bb][et_pb_column type=\u00bb4_4&#8243; _builder_version=\u00bb4.16&#8243; custom_padding=\u00bb|||\u00bb global_colors_info=\u00bb{}\u00bb custom_padding__hover=\u00bb|||\u00bb][et_pb_post_title meta=\u00bboff\u00bb featured_image=\u00bboff\u00bb _builder_version=\u00bb4.16&#8243; global_colors_info=\u00bb{}\u00bb][\/et_pb_post_title][et_pb_wc_cart_notice _builder_version=\u00bb4.25.0&#8243; custom_button=\u00bbon\u00bb button_text_size=\u00bb19px\u00bb button_text_color=\u00bb#000000&#8243; button_border_width=\u00bb1px\u00bb button_border_radius=\u00bb0px\u00bb button_letter_spacing=\u00bb0px\u00bb global_colors_info=\u00bb{}\u00bb][\/et_pb_wc_cart_notice][et_pb_wc_cart_products _builder_version=\u00bb4.25.0&#8243; custom_disabled_button=\u00bbon\u00bb disabled_button_text_color=\u00bb#000000&#8243; disabled_button_border_width=\u00bb1px\u00bb disabled_button_border_radius=\u00bb0px\u00bb global_colors_info=\u00bb{}\u00bb][\/et_pb_wc_cart_products][\/et_pb_column][\/et_pb_row][et_pb_row column_structure=\u00bb1_2,1_2&#8243; _builder_version=\u00bb4.16&#8243; background_size=\u00bbinitial\u00bb background_position=\u00bbtop_left\u00bb background_repeat=\u00bbrepeat\u00bb global_colors_info=\u00bb{}\u00bb][et_pb_column type=\u00bb1_2&#8243; _builder_version=\u00bb4.16&#8243; custom_padding=\u00bb|||\u00bb global_colors_info=\u00bb{}\u00bb custom_padding__hover=\u00bb|||\u00bb][et_pb_wc_cross_sells _builder_version=\u00bb4.16&#8243; global_colors_info=\u00bb{}\u00bb][\/et_pb_wc_cross_sells][\/et_pb_column][et_pb_column type=\u00bb1_2&#8243; _builder_version=\u00bb4.16&#8243; custom_padding=\u00bb|||\u00bb global_colors_info=\u00bb{}\u00bb custom_padding__hover=\u00bb|||\u00bb][et_pb_wc_cart_totals _builder_version=\u00bb4.25.0&#8243; custom_button=\u00bbon\u00bb button_text_color=\u00bb#000000&#8243; button_border_width=\u00bb1px\u00bb button_border_color=\u00bb#000000&#8243; button_border_radius=\u00bb0px\u00bb global_colors_info=\u00bb{}\u00bb][\/et_pb_wc_cart_totals][\/et_pb_column][\/et_pb_row][\/et_pb_section]<\/p>\n","protected":false},"excerpt":{"rendered":"","protected":false},"author":1,"featured_media":0,"parent":0,"menu_order":0,"comment_status":"closed","ping_status":"closed","template":"","meta":{"_et_pb_use_builder":"on","_et_pb_old_content":"<!-- wp:woocommerce\/cart -->\r\n<div class=\"wp-block-woocommerce-cart alignwide is-loading\"><!-- wp:woocommerce\/filled-cart-block -->\r\n<div class=\"wp-block-woocommerce-filled-cart-block\"><!-- wp:woocommerce\/cart-items-block -->\r\n<div class=\"wp-block-woocommerce-cart-items-block\"><!-- wp:woocommerce\/cart-line-items-block -->\r\n<div class=\"wp-block-woocommerce-cart-line-items-block\">\u00a0<\/div>\r\n<!-- \/wp:woocommerce\/cart-line-items-block --><!-- wp:woocommerce\/cart-cross-sells-block -->\r\n<div class=\"wp-block-woocommerce-cart-cross-sells-block\"><!-- wp:heading {\"fontSize\":\"large\"} -->\r\n<h2 class=\"wp-block-heading has-large-font-size\">Puede que te interese\u2026<\/h2>\r\n<!-- \/wp:heading --><!-- wp:woocommerce\/cart-cross-sells-products-block -->\r\n<div class=\"wp-block-woocommerce-cart-cross-sells-products-block\">\u00a0<\/div>\r\n<!-- \/wp:woocommerce\/cart-cross-sells-products-block --><\/div>\r\n<!-- \/wp:woocommerce\/cart-cross-sells-block --><\/div>\r\n<!-- \/wp:woocommerce\/cart-items-block --><!-- wp:woocommerce\/cart-totals-block -->\r\n<div class=\"wp-block-woocommerce-cart-totals-block\"><!-- wp:woocommerce\/cart-order-summary-block -->\r\n<div class=\"wp-block-woocommerce-cart-order-summary-block\"><!-- wp:woocommerce\/cart-order-summary-heading-block -->\r\n<div class=\"wp-block-woocommerce-cart-order-summary-heading-block\">\u00a0<\/div>\r\n<!-- \/wp:woocommerce\/cart-order-summary-heading-block --><!-- wp:woocommerce\/cart-order-summary-coupon-form-block -->\r\n<div class=\"wp-block-woocommerce-cart-order-summary-coupon-form-block\">\u00a0<\/div>\r\n<!-- \/wp:woocommerce\/cart-order-summary-coupon-form-block --><!-- wp:woocommerce\/cart-order-summary-subtotal-block -->\r\n<div class=\"wp-block-woocommerce-cart-order-summary-subtotal-block\">\u00a0<\/div>\r\n<!-- \/wp:woocommerce\/cart-order-summary-subtotal-block --><!-- wp:woocommerce\/cart-order-summary-fee-block -->\r\n<div class=\"wp-block-woocommerce-cart-order-summary-fee-block\">\u00a0<\/div>\r\n<!-- \/wp:woocommerce\/cart-order-summary-fee-block --><!-- wp:woocommerce\/cart-order-summary-discount-block -->\r\n<div class=\"wp-block-woocommerce-cart-order-summary-discount-block\">\u00a0<\/div>\r\n<!-- \/wp:woocommerce\/cart-order-summary-discount-block --><!-- wp:woocommerce\/cart-order-summary-shipping-block -->\r\n<div class=\"wp-block-woocommerce-cart-order-summary-shipping-block\">\u00a0<\/div>\r\n<!-- \/wp:woocommerce\/cart-order-summary-shipping-block --><!-- wp:woocommerce\/cart-order-summary-taxes-block -->\r\n<div class=\"wp-block-woocommerce-cart-order-summary-taxes-block\">\u00a0<\/div>\r\n<!-- \/wp:woocommerce\/cart-order-summary-taxes-block --><\/div>\r\n<!-- \/wp:woocommerce\/cart-order-summary-block --><!-- wp:woocommerce\/cart-express-payment-block -->\r\n<div class=\"wp-block-woocommerce-cart-express-payment-block\">\u00a0<\/div>\r\n<!-- \/wp:woocommerce\/cart-express-payment-block --><!-- wp:woocommerce\/proceed-to-checkout-block -->\r\n<div class=\"wp-block-woocommerce-proceed-to-checkout-block\">\u00a0<\/div>\r\n<!-- \/wp:woocommerce\/proceed-to-checkout-block --><!-- wp:woocommerce\/cart-accepted-payment-methods-block -->\r\n<div class=\"wp-block-woocommerce-cart-accepted-payment-methods-block\">\u00a0<\/div>\r\n<!-- \/wp:woocommerce\/cart-accepted-payment-methods-block --><\/div>\r\n<!-- \/wp:woocommerce\/cart-totals-block --><\/div>\r\n<!-- \/wp:woocommerce\/filled-cart-block --><!-- wp:woocommerce\/empty-cart-block -->\r\n<div class=\"wp-block-woocommerce-empty-cart-block\"><!-- wp:heading {\"textAlign\":\"center\",\"className\":\"with-empty-cart-icon wc-block-cart__empty-cart__title\"} -->\r\n<h2 class=\"wp-block-heading has-text-align-center with-empty-cart-icon wc-block-cart__empty-cart__title\">\u00a1Tu carrito est\u00e1 actualmente vac\u00edo!<\/h2>\r\n<!-- \/wp:heading --><!-- wp:separator {\"className\":\"is-style-dots\"} --><hr class=\"wp-block-separator has-alpha-channel-opacity is-style-dots\" \/><!-- \/wp:separator --><!-- wp:heading {\"textAlign\":\"center\"} -->\r\n<h2 class=\"wp-block-heading has-text-align-center\">Nuevo en la tienda<\/h2>\r\n<!-- \/wp:heading --><!-- wp:woocommerce\/product-new {\"columns\":4,\"rows\":1} \/--><\/div>\r\n<!-- \/wp:woocommerce\/empty-cart-block --><\/div>\r\n<!-- \/wp:woocommerce\/cart -->","_et_gb_content_width":"","_joinchat":[],"footnotes":""},"class_list":["post-12","page","type-page","status-publish","hentry"],"yoast_head":"<!-- This site is optimized with the Yoast SEO plugin v27.5 - https:\/\/yoast.com\/product\/yoast-seo-wordpress\/ -->\n<title>Carrito - CASA RURAL EN SIERRA DE ESPADAN<\/title>\n<meta name=\"description\" content=\"Carrito de compra, compra , comprar, art\u00edculo, vender, venta, casa, alojamiento, rural , entorno, venta, fechas, libre, vacaciones, rural,\" \/>\n<meta name=\"robots\" content=\"index, follow, max-snippet:-1, max-image-preview:large, max-video-preview:-1\" \/>\n<link rel=\"canonical\" href=\"https:\/\/casaruralensierraespadan.es\/index.php\/carrito\/\" \/>\n<meta property=\"og:locale\" content=\"es_ES\" \/>\n<meta property=\"og:type\" content=\"article\" \/>\n<meta property=\"og:title\" content=\"Carrito - CASA RURAL EN SIERRA DE ESPADAN\" \/>\n<meta property=\"og:description\" content=\"Carrito de compra, compra , comprar, art\u00edculo, vender, venta, casa, alojamiento, rural , entorno, venta, fechas, libre, vacaciones, rural,\" \/>\n<meta property=\"og:url\" content=\"https:\/\/casaruralensierraespadan.es\/index.php\/carrito\/\" \/>\n<meta property=\"og:site_name\" content=\"CASA RURAL EN SIERRA DE ESPADAN\" \/>\n<meta property=\"article:modified_time\" content=\"2025-03-21T18:23:06+00:00\" \/>\n<meta name=\"twitter:card\" content=\"summary_large_image\" \/>\n<script type=\"application\/ld+json\" class=\"yoast-schema-graph\">{\"@context\":\"https:\\\/\\\/schema.org\",\"@graph\":[{\"@type\":\"WebPage\",\"@id\":\"https:\\\/\\\/casaruralensierraespadan.es\\\/index.php\\\/carrito\\\/\",\"url\":\"https:\\\/\\\/casaruralensierraespadan.es\\\/index.php\\\/carrito\\\/\",\"name\":\"Carrito - CASA RURAL EN SIERRA DE ESPADAN\",\"isPartOf\":{\"@id\":\"https:\\\/\\\/casaruralensierraespadan.es\\\/#website\"},\"datePublished\":\"2024-04-24T16:35:24+00:00\",\"dateModified\":\"2025-03-21T18:23:06+00:00\",\"description\":\"Carrito de compra, compra , comprar, art\u00edculo, vender, venta, casa, alojamiento, rural , entorno, venta, fechas, libre, vacaciones, rural,\",\"breadcrumb\":{\"@id\":\"https:\\\/\\\/casaruralensierraespadan.es\\\/index.php\\\/carrito\\\/#breadcrumb\"},\"inLanguage\":\"es\",\"potentialAction\":[{\"@type\":\"ReadAction\",\"target\":[\"https:\\\/\\\/casaruralensierraespadan.es\\\/index.php\\\/carrito\\\/\"]}]},{\"@type\":\"BreadcrumbList\",\"@id\":\"https:\\\/\\\/casaruralensierraespadan.es\\\/index.php\\\/carrito\\\/#breadcrumb\",\"itemListElement\":[{\"@type\":\"ListItem\",\"position\":1,\"name\":\"Portada\",\"item\":\"https:\\\/\\\/casaruralensierraespadan.es\\\/\"},{\"@type\":\"ListItem\",\"position\":2,\"name\":\"Carrito\"}]},{\"@type\":\"WebSite\",\"@id\":\"https:\\\/\\\/casaruralensierraespadan.es\\\/#website\",\"url\":\"https:\\\/\\\/casaruralensierraespadan.es\\\/\",\"name\":\"CASA RURAL EN SIERRA DE ESPADAN\",\"description\":\"La Se\u00f1ora, excepcional casa a pie de monta\u00f1a  Un alojamiento acogedor, donde disfrutar\u00e1s de todas las comodidades durante tu escapada rural en Sierra de Espadan, Castell\u00f3n, con una amplia gama de posibilidades para atender todas tus necesidades\u2026 \u00abLa naturaleza ser\u00e1 tu compa\u00f1era durante tu estancia, aprovecha cada momento libre para sumergirte entre las monta\u00f1as, explorar sus bosques, senderos y maravillarte con su vegetaci\u00f3n, flora y fauna. Vive las sensaciones que te brinda en cada estaci\u00f3n del a\u00f1o, dej\u00e1ndote envolver por su magia.\u00bb  En Casa Rural La Se\u00f1ora\",\"potentialAction\":[{\"@type\":\"SearchAction\",\"target\":{\"@type\":\"EntryPoint\",\"urlTemplate\":\"https:\\\/\\\/casaruralensierraespadan.es\\\/?s={search_term_string}\"},\"query-input\":{\"@type\":\"PropertyValueSpecification\",\"valueRequired\":true,\"valueName\":\"search_term_string\"}}],\"inLanguage\":\"es\"}]}<\/script>\n<!-- \/ Yoast SEO plugin. -->","yoast_head_json":{"title":"Carrito - CASA RURAL EN SIERRA DE ESPADAN","description":"Carrito de compra, compra , comprar, art\u00edculo, vender, venta, casa, alojamiento, rural , entorno, venta, fechas, libre, vacaciones, rural,","robots":{"index":"index","follow":"follow","max-snippet":"max-snippet:-1","max-image-preview":"max-image-preview:large","max-video-preview":"max-video-preview:-1"},"canonical":"https:\/\/casaruralensierraespadan.es\/index.php\/carrito\/","og_locale":"es_ES","og_type":"article","og_title":"Carrito - CASA RURAL EN SIERRA DE ESPADAN","og_description":"Carrito de compra, compra , comprar, art\u00edculo, vender, venta, casa, alojamiento, rural , entorno, venta, fechas, libre, vacaciones, rural,","og_url":"https:\/\/casaruralensierraespadan.es\/index.php\/carrito\/","og_site_name":"CASA RURAL EN SIERRA DE ESPADAN","article_modified_time":"2025-03-21T18:23:06+00:00","twitter_card":"summary_large_image","schema":{"@context":"https:\/\/schema.org","@graph":[{"@type":"WebPage","@id":"https:\/\/casaruralensierraespadan.es\/index.php\/carrito\/","url":"https:\/\/casaruralensierraespadan.es\/index.php\/carrito\/","name":"Carrito - CASA RURAL EN SIERRA DE ESPADAN","isPartOf":{"@id":"https:\/\/casaruralensierraespadan.es\/#website"},"datePublished":"2024-04-24T16:35:24+00:00","dateModified":"2025-03-21T18:23:06+00:00","description":"Carrito de compra, compra , comprar, art\u00edculo, vender, venta, casa, alojamiento, rural , entorno, venta, fechas, libre, vacaciones, rural,","breadcrumb":{"@id":"https:\/\/casaruralensierraespadan.es\/index.php\/carrito\/#breadcrumb"},"inLanguage":"es","potentialAction":[{"@type":"ReadAction","target":["https:\/\/casaruralensierraespadan.es\/index.php\/carrito\/"]}]},{"@type":"BreadcrumbList","@id":"https:\/\/casaruralensierraespadan.es\/index.php\/carrito\/#breadcrumb","itemListElement":[{"@type":"ListItem","position":1,"name":"Portada","item":"https:\/\/casaruralensierraespadan.es\/"},{"@type":"ListItem","position":2,"name":"Carrito"}]},{"@type":"WebSite","@id":"https:\/\/casaruralensierraespadan.es\/#website","url":"https:\/\/casaruralensierraespadan.es\/","name":"CASA RURAL EN SIERRA DE ESPADAN","description":"La Se\u00f1ora, excepcional casa a pie de monta\u00f1a  Un alojamiento acogedor, donde disfrutar\u00e1s de todas las comodidades durante tu escapada rural en Sierra de Espadan, Castell\u00f3n, con una amplia gama de posibilidades para atender todas tus necesidades\u2026 \u00abLa naturaleza ser\u00e1 tu compa\u00f1era durante tu estancia, aprovecha cada momento libre para sumergirte entre las monta\u00f1as, explorar sus bosques, senderos y maravillarte con su vegetaci\u00f3n, flora y fauna. Vive las sensaciones que te brinda en cada estaci\u00f3n del a\u00f1o, dej\u00e1ndote envolver por su magia.\u00bb  En Casa Rural La Se\u00f1ora","potentialAction":[{"@type":"SearchAction","target":{"@type":"EntryPoint","urlTemplate":"https:\/\/casaruralensierraespadan.es\/?s={search_term_string}"},"query-input":{"@type":"PropertyValueSpecification","valueRequired":true,"valueName":"search_term_string"}}],"inLanguage":"es"}]}},"_links":{"self":[{"href":"https:\/\/casaruralensierraespadan.es\/index.php\/wp-json\/wp\/v2\/pages\/12","targetHints":{"allow":["GET"]}}],"collection":[{"href":"https:\/\/casaruralensierraespadan.es\/index.php\/wp-json\/wp\/v2\/pages"}],"about":[{"href":"https:\/\/casaruralensierraespadan.es\/index.php\/wp-json\/wp\/v2\/types\/page"}],"author":[{"embeddable":true,"href":"https:\/\/casaruralensierraespadan.es\/index.php\/wp-json\/wp\/v2\/users\/1"}],"replies":[{"embeddable":true,"href":"https:\/\/casaruralensierraespadan.es\/index.php\/wp-json\/wp\/v2\/comments?post=12"}],"version-history":[{"count":0,"href":"https:\/\/casaruralensierraespadan.es\/index.php\/wp-json\/wp\/v2\/pages\/12\/revisions"}],"wp:attachment":[{"href":"https:\/\/casaruralensierraespadan.es\/index.php\/wp-json\/wp\/v2\/media?parent=12"}],"curies":[{"name":"wp","href":"https:\/\/api.w.org\/{rel}","templated":true}]}}